{"id":953,"date":"2021-07-15T15:16:11","date_gmt":"2021-07-15T15:16:11","guid":{"rendered":"https:\/\/alburquerqueabogados.com\/legal-warning\/"},"modified":"2021-07-15T15:16:12","modified_gmt":"2021-07-15T15:16:12","slug":"legal-warning","status":"publish","type":"page","link":"https:\/\/alburquerqueabogados.com\/en\/legal-warning\/","title":{"rendered":"Legal warning"},"content":{"rendered":"<div class=\"legal\" style=\"margin-top: 100px; padding-right: 15px !important;\">\r\n<h1>Aviso Legal<\/h1>\r\nEste sitio web es propiedad de ALBURQUERQUE ABOGADOS SOCIEDAD CIVIL PROFESIONAL, domiciliada en Barcelona, en la calle Travessera de Gr\u00e0cia n\u00fam. 62, \u00c1tico, con NIF J60438165; Inscrita en el Registro Mercantil de Barcelona, tomo 40964, folio 1, hoja B377967, inscripci\u00f3n 1\u00aa. El acceso y uso de este sitio web y del material en \u00e9l contenido comporta la aceptaci\u00f3n, sin reserva alguna, de sus condiciones de uso.: Este sitio web contiene informaci\u00f3n y materiales elaborados por ALBURQUERQUE ABOGADOS con fines meramente informativos; debiendo tener en cuenta el usuario, dada la complejidad de la materia, que su contenido pueden no reflejar el estado legislativo o jurisprudencial actual sobre alguna de las cuestiones analizadas; y que, en modo alguno, la informaci\u00f3n facilitada puede sustituir el debido asesoramiento profesional. Por ello, el usuario de este sitio web acepta utilizarlo por su propia cuenta y riesgo, no responsabiliz\u00e1ndose ALBURQUERQUE ABOGADOS ni de los eventuales errores u omisiones que pudiera haber ni, en consecuencia, de las actuaciones realizadas por el usuario con base en la informaci\u00f3n facilitada. Los enlaces o links contenidos pueden conducir al usuario a otros sitios y p\u00e1ginas web gestionados por terceros sobre los que ALBURQUERQUE ABOGADOS no tiene capacidad de control alguna, por lo que no responde ni de sus contenidos ni de su estado. ALBURQUERQUE ABOGADOS no garantiza la ausencia de virus y otros elementos lesivos que pudieran causar da\u00f1os o alteraciones en el sistema inform\u00e1tico del usuario, no respondiendo por los da\u00f1os y perjuicios que tales elementos pudieran ocasionar al usuario o a terceros. La informaci\u00f3n que en su caso reciba ALBURQUERQUE ABOGADOS de los usuarios de este sitio web es tratada con la m\u00e1xima confidencialidad y utilizada exclusivamente para responder a las cuestiones planteadas. En los casos en que se exija la recogida de datos personales para la prestaci\u00f3n de determinados servicios, el usuario ser\u00e1 informado, durante el proceso de recogida de los datos, del car\u00e1cter necesario de los mismos para la prestaci\u00f3n del servicio. Los datos personales que facilite se incorporar\u00e1n al fichero de ALBURQUERQUE ABOGADOS S.C.P. con la \u00fanica finalidad de atender a la consulta planteada, y ser\u00e1n tratados con arreglo a lo establecido en la legislaci\u00f3n aplicable. Puede ejercitar los derechos de acceso, rectificaci\u00f3n, cancelaci\u00f3n y oposici\u00f3n mediante carta remitida a nuestras oficinas sitas en Barcelona, calle Travessera de Gr\u00e0cia n\u00fam. 62, \u00c1tico (CP 08006). ALBURQUERQUE ABOGADOS guardar\u00e1 los datos de car\u00e1cter personal recabados y adoptar\u00e1 las medidas necesarias para evitar su alteraci\u00f3n, p\u00e9rdida, tratamiento o acceso no autorizados, con arreglo a lo establecido en la legislaci\u00f3n aplicable.\r\n\r\n<\/div>","protected":false},"excerpt":{"rendered":"<p>Aviso Legal Este sitio web es propiedad de ALBURQUERQUE ABOGADOS SOCIEDAD CIVIL PROFESIONAL, domiciliada en Barcelona, en la calle Travessera de Gr\u00e0cia n\u00fam. 62, \u00c1tico, con NIF J60438165; Inscrita en el Registro Mercantil de Barcelona, tomo 40964, folio 1, hoja B377967, inscripci\u00f3n 1\u00aa. El acceso y uso de este sitio web y del material en [&hellip;]<\/p>\n","protected":false},"author":2,"featured_media":0,"parent":0,"menu_order":0,"comment_status":"closed","ping_status":"closed","template":"","meta":[],"acf":[],"yoast_head":"<!-- This site is optimized with the Yoast SEO plugin v20.1 - https:\/\/yoast.com\/wordpress\/plugins\/seo\/ -->\n<title>Legal warning | Alburquerque<\/title>\n<meta name=\"robots\" content=\"index, follow, max-snippet:-1, max-image-preview:large, max-video-preview:-1\" \/>\n<link rel=\"canonical\" href=\"https:\/\/alburquerqueabogados.com\/en\/legal-warning\/\" \/>\n<meta property=\"og:locale\" content=\"en_US\" \/>\n<meta property=\"og:type\" content=\"article\" \/>\n<meta property=\"og:title\" content=\"Legal warning | Alburquerque\" \/>\n<meta property=\"og:description\" content=\"Aviso Legal Este sitio web es propiedad de ALBURQUERQUE ABOGADOS SOCIEDAD CIVIL PROFESIONAL, domiciliada en Barcelona, en la calle Travessera de Gr\u00e0cia n\u00fam. 62, \u00c1tico, con NIF J60438165; Inscrita en el Registro Mercantil de Barcelona, tomo 40964, folio 1, hoja B377967, inscripci\u00f3n 1\u00aa. El acceso y uso de este sitio web y del material en [&hellip;]\" \/>\n<meta property=\"og:url\" content=\"https:\/\/alburquerqueabogados.com\/en\/legal-warning\/\" \/>\n<meta property=\"og:site_name\" content=\"Alburquerque\" \/>\n<meta property=\"article:modified_time\" content=\"2021-07-15T15:16:12+00:00\" \/>\n<meta name=\"twitter:card\" content=\"summary_large_image\" \/>\n<meta name=\"twitter:label1\" content=\"Est. reading time\" \/>\n\t<meta name=\"twitter:data1\" content=\"2 minutes\" \/>\n<script type=\"application\/ld+json\" class=\"yoast-schema-graph\">{\"@context\":\"https:\/\/schema.org\",\"@graph\":[{\"@type\":\"WebPage\",\"@id\":\"https:\/\/alburquerqueabogados.com\/en\/legal-warning\/\",\"url\":\"https:\/\/alburquerqueabogados.com\/en\/legal-warning\/\",\"name\":\"Legal warning | Alburquerque\",\"isPartOf\":{\"@id\":\"https:\/\/alburquerqueabogados.com\/#website\"},\"datePublished\":\"2021-07-15T15:16:11+00:00\",\"dateModified\":\"2021-07-15T15:16:12+00:00\",\"breadcrumb\":{\"@id\":\"https:\/\/alburquerqueabogados.com\/en\/legal-warning\/#breadcrumb\"},\"inLanguage\":\"en-US\",\"potentialAction\":[{\"@type\":\"ReadAction\",\"target\":[\"https:\/\/alburquerqueabogados.com\/en\/legal-warning\/\"]}]},{\"@type\":\"BreadcrumbList\",\"@id\":\"https:\/\/alburquerqueabogados.com\/en\/legal-warning\/#breadcrumb\",\"itemListElement\":[{\"@type\":\"ListItem\",\"position\":1,\"name\":\"Home\",\"item\":\"https:\/\/alburquerqueabogados.com\/en\/\"},{\"@type\":\"ListItem\",\"position\":2,\"name\":\"Legal warning\"}]},{\"@type\":\"WebSite\",\"@id\":\"https:\/\/alburquerqueabogados.com\/#website\",\"url\":\"https:\/\/alburquerqueabogados.com\/\",\"name\":\"Alburquerque\",\"description\":\"Abogados\",\"potentialAction\":[{\"@type\":\"SearchAction\",\"target\":{\"@type\":\"EntryPoint\",\"urlTemplate\":\"https:\/\/alburquerqueabogados.com\/?s={search_term_string}\"},\"query-input\":\"required name=search_term_string\"}],\"inLanguage\":\"en-US\"}]}<\/script>\n<!-- \/ Yoast SEO plugin. -->","yoast_head_json":{"title":"Legal warning | Alburquerque","robots":{"index":"index","follow":"follow","max-snippet":"max-snippet:-1","max-image-preview":"max-image-preview:large","max-video-preview":"max-video-preview:-1"},"canonical":"https:\/\/alburquerqueabogados.com\/en\/legal-warning\/","og_locale":"en_US","og_type":"article","og_title":"Legal warning | Alburquerque","og_description":"Aviso Legal Este sitio web es propiedad de ALBURQUERQUE ABOGADOS SOCIEDAD CIVIL PROFESIONAL, domiciliada en Barcelona, en la calle Travessera de Gr\u00e0cia n\u00fam. 62, \u00c1tico, con NIF J60438165; Inscrita en el Registro Mercantil de Barcelona, tomo 40964, folio 1, hoja B377967, inscripci\u00f3n 1\u00aa. El acceso y uso de este sitio web y del material en [&hellip;]","og_url":"https:\/\/alburquerqueabogados.com\/en\/legal-warning\/","og_site_name":"Alburquerque","article_modified_time":"2021-07-15T15:16:12+00:00","twitter_card":"summary_large_image","twitter_misc":{"Est. reading time":"2 minutes"},"schema":{"@context":"https:\/\/schema.org","@graph":[{"@type":"WebPage","@id":"https:\/\/alburquerqueabogados.com\/en\/legal-warning\/","url":"https:\/\/alburquerqueabogados.com\/en\/legal-warning\/","name":"Legal warning | Alburquerque","isPartOf":{"@id":"https:\/\/alburquerqueabogados.com\/#website"},"datePublished":"2021-07-15T15:16:11+00:00","dateModified":"2021-07-15T15:16:12+00:00","breadcrumb":{"@id":"https:\/\/alburquerqueabogados.com\/en\/legal-warning\/#breadcrumb"},"inLanguage":"en-US","potentialAction":[{"@type":"ReadAction","target":["https:\/\/alburquerqueabogados.com\/en\/legal-warning\/"]}]},{"@type":"BreadcrumbList","@id":"https:\/\/alburquerqueabogados.com\/en\/legal-warning\/#breadcrumb","itemListElement":[{"@type":"ListItem","position":1,"name":"Home","item":"https:\/\/alburquerqueabogados.com\/en\/"},{"@type":"ListItem","position":2,"name":"Legal warning"}]},{"@type":"WebSite","@id":"https:\/\/alburquerqueabogados.com\/#website","url":"https:\/\/alburquerqueabogados.com\/","name":"Alburquerque","description":"Abogados","potentialAction":[{"@type":"SearchAction","target":{"@type":"EntryPoint","urlTemplate":"https:\/\/alburquerqueabogados.com\/?s={search_term_string}"},"query-input":"required name=search_term_string"}],"inLanguage":"en-US"}]}},"_links":{"self":[{"href":"https:\/\/alburquerqueabogados.com\/en\/wp-json\/wp\/v2\/pages\/953"}],"collection":[{"href":"https:\/\/alburquerqueabogados.com\/en\/wp-json\/wp\/v2\/pages"}],"about":[{"href":"https:\/\/alburquerqueabogados.com\/en\/wp-json\/wp\/v2\/types\/page"}],"author":[{"embeddable":true,"href":"https:\/\/alburquerqueabogados.com\/en\/wp-json\/wp\/v2\/users\/2"}],"replies":[{"embeddable":true,"href":"https:\/\/alburquerqueabogados.com\/en\/wp-json\/wp\/v2\/comments?post=953"}],"version-history":[{"count":1,"href":"https:\/\/alburquerqueabogados.com\/en\/wp-json\/wp\/v2\/pages\/953\/revisions"}],"predecessor-version":[{"id":954,"href":"https:\/\/alburquerqueabogados.com\/en\/wp-json\/wp\/v2\/pages\/953\/revisions\/954"}],"wp:attachment":[{"href":"https:\/\/alburquerqueabogados.com\/en\/wp-json\/wp\/v2\/media?parent=953"}],"curies":[{"name":"wp","href":"https:\/\/api.w.org\/{rel}","templated":true}]}}